{"id":1218,"date":"2026-04-23T11:02:02","date_gmt":"2026-04-23T11:02:02","guid":{"rendered":"https:\/\/techupdate.sci.edu.vn\/2026\/?page_id=1218"},"modified":"2026-04-23T17:11:57","modified_gmt":"2026-04-23T17:11:57","slug":"don-vi-to-chuc-va-tai-tro-2026","status":"publish","type":"page","link":"https:\/\/techupdate.sci.edu.vn\/2026\/don-vi-to-chuc-va-tai-tro-2026\/","title":{"rendered":"\u0110\u01a1n v\u1ecb t\u1ed5 ch\u1ee9c v\u00e0 t\u00e0i tr\u1ee3 2026"},"content":{"rendered":"\n<div class=\"wp-block-group alignfull has-background has-global-padding is-layout-constrained wp-container-core-group-is-layout-f611be13 wp-block-group-is-layout-constrained\" style=\"background:linear-gradient(135deg,rgb(2,26,90) 0%,rgb(0,66,238) 100%);padding-top:var(--wp--preset--spacing--50);padding-right:var(--wp--preset--spacing--50);padding-bottom:var(--wp--preset--spacing--50);padding-left:var(--wp--preset--spacing--50)\">\n<h1 class=\"wp-block-heading alignwide has-custom-text-white-color has-text-color has-link-color has-xx-large-font-size wp-elements-444782b700be5fbd999d0d0a83310346\" style=\"font-style:normal;font-weight:500;text-transform:uppercase\">\u0110\u01a1n v\u1ecb t\u1ed5 ch\u1ee9c v\u00e0 t\u00e0i tr\u1ee3 2026<\/h1>\n<\/div>\n\n\n\n<script>\n    const animationCssLink = document.createElement('link');\n    animationCssLink.rel = 'stylesheet';\n    animationCssLink.href = 'https:\/\/static.sci.edu.vn\/techupdate\/2026\/animations.sponsors.css';\n\n    animationCssLink.onload = () => console.log('Animation CSS loaded successfully.');\n\n    document.head.appendChild(animationCssLink);\n<\/script\n\n\n\n<div class=\"wp-block-group alignfull has-global-padding is-layout-constrained wp-block-group-is-layout-constrained\">\n<div class=\"wp-block-group alignfull marquee-sponsors is-nowrap is-layout-flex wp-container-core-group-is-layout-c1740a5a wp-block-group-is-layout-flex\">\n<div class=\"wp-block-group alignfull marquee-sponsors-content is-content-justification-center is-nowrap is-layout-flex wp-container-core-group-is-layout-3c8805c5 wp-block-group-is-layout-flex\">\n<figure class=\"wp-block-image size-large is-resized\"><img decoding=\"async\" src=\"https:\/\/biomedpress.org\/wp-content\/uploads\/2017\/07\/BMP-logo.png\" alt=\"\" style=\"aspect-ratio:4\/3;object-fit:contain;width:256px\"\/><\/figure>\n\n\n\n<figure class=\"wp-block-image size-large is-resized\"><img decoding=\"async\" src=\"https:\/\/biomedpress.org\/wp-content\/uploads\/2017\/07\/BMP-logo.png\" alt=\"\" style=\"aspect-ratio:4\/3;object-fit:contain;width:256px\"\/><\/figure>\n\n\n\n<figure class=\"wp-block-image size-large is-resized\"><img decoding=\"async\" src=\"https:\/\/biomedpress.org\/wp-content\/uploads\/2017\/07\/BMP-logo.png\" alt=\"\" style=\"aspect-ratio:4\/3;object-fit:contain;width:256px\"\/><\/figure>\n\n\n\n<figure class=\"wp-block-image size-large is-resized\"><img decoding=\"async\" src=\"https:\/\/biomedpress.org\/wp-content\/uploads\/2017\/07\/BMP-logo.png\" alt=\"\" style=\"aspect-ratio:4\/3;object-fit:contain;width:256px\"\/><\/figure>\n\n\n\n<figure class=\"wp-block-image size-large is-resized\"><img decoding=\"async\" src=\"https:\/\/biomedpress.org\/wp-content\/uploads\/2017\/07\/BMP-logo.png\" alt=\"\" style=\"aspect-ratio:4\/3;object-fit:contain;width:256px\"\/><\/figure>\n<\/div>\n\n\n\n<div class=\"wp-block-group alignfull marquee-sponsors-content is-content-justification-center is-nowrap is-layout-flex wp-container-core-group-is-layout-3c8805c5 wp-block-group-is-layout-flex\">\n<figure class=\"wp-block-image size-large is-resized\"><img decoding=\"async\" src=\"https:\/\/biomedpress.org\/wp-content\/uploads\/2017\/07\/BMP-logo.png\" alt=\"\" style=\"aspect-ratio:4\/3;object-fit:contain;width:256px\"\/><\/figure>\n\n\n\n<figure class=\"wp-block-image size-large is-resized\"><img decoding=\"async\" src=\"https:\/\/biomedpress.org\/wp-content\/uploads\/2017\/07\/BMP-logo.png\" alt=\"\" style=\"aspect-ratio:4\/3;object-fit:contain;width:256px\"\/><\/figure>\n\n\n\n<figure class=\"wp-block-image size-large is-resized\"><img decoding=\"async\" src=\"https:\/\/biomedpress.org\/wp-content\/uploads\/2017\/07\/BMP-logo.png\" alt=\"\" style=\"aspect-ratio:4\/3;object-fit:contain;width:256px\"\/><\/figure>\n\n\n\n<figure class=\"wp-block-image size-large is-resized\"><img decoding=\"async\" src=\"https:\/\/biomedpress.org\/wp-content\/uploads\/2017\/07\/BMP-logo.png\" alt=\"\" style=\"aspect-ratio:4\/3;object-fit:contain;width:256px\"\/><\/figure>\n\n\n\n<figure class=\"wp-block-image size-large is-resized\"><img decoding=\"async\" src=\"https:\/\/biomedpress.org\/wp-content\/uploads\/2017\/07\/BMP-logo.png\" alt=\"\" style=\"aspect-ratio:4\/3;object-fit:contain;width:256px\"\/><\/figure>\n<\/div>\n\n\n\n<div class=\"wp-block-group alignfull marquee-sponsors-content is-content-justification-center is-nowrap is-layout-flex wp-container-core-group-is-layout-3c8805c5 wp-block-group-is-layout-flex\">\n<figure class=\"wp-block-image size-large is-resized\"><img decoding=\"async\" src=\"https:\/\/biomedpress.org\/wp-content\/uploads\/2017\/07\/BMP-logo.png\" alt=\"\" style=\"aspect-ratio:4\/3;object-fit:contain;width:256px\"\/><\/figure>\n\n\n\n<figure class=\"wp-block-image size-large is-resized\"><img decoding=\"async\" src=\"https:\/\/biomedpress.org\/wp-content\/uploads\/2017\/07\/BMP-logo.png\" alt=\"\" style=\"aspect-ratio:4\/3;object-fit:contain;width:256px\"\/><\/figure>\n\n\n\n<figure class=\"wp-block-image size-large is-resized\"><img decoding=\"async\" src=\"https:\/\/biomedpress.org\/wp-content\/uploads\/2017\/07\/BMP-logo.png\" alt=\"\" style=\"aspect-ratio:4\/3;object-fit:contain;width:256px\"\/><\/figure>\n\n\n\n<figure class=\"wp-block-image size-large is-resized\"><img decoding=\"async\" src=\"https:\/\/biomedpress.org\/wp-content\/uploads\/2017\/07\/BMP-logo.png\" alt=\"\" style=\"aspect-ratio:4\/3;object-fit:contain;width:256px\"\/><\/figure>\n\n\n\n<figure class=\"wp-block-image size-large is-resized\"><img decoding=\"async\" src=\"https:\/\/biomedpress.org\/wp-content\/uploads\/2017\/07\/BMP-logo.png\" alt=\"\" style=\"aspect-ratio:4\/3;object-fit:contain;width:256px\"\/><\/figure>\n<\/div>\n<\/div>\n\n\n\n<div class=\"wp-block-group alignfull marquee-sponsors is-nowrap is-layout-flex wp-container-core-group-is-layout-c1740a5a wp-block-group-is-layout-flex\">\n<div class=\"wp-block-group alignfull marquee-sponsors-content-reverse is-content-justification-center is-nowrap is-layout-flex wp-container-core-group-is-layout-3c8805c5 wp-block-group-is-layout-flex\">\n<figure class=\"wp-block-image size-large is-resized\"><img decoding=\"async\" src=\"https:\/\/biomedpress.org\/wp-content\/uploads\/2017\/07\/BMP-logo.png\" alt=\"\" style=\"aspect-ratio:4\/3;object-fit:contain;width:256px\"\/><\/figure>\n\n\n\n<figure class=\"wp-block-image size-large is-resized\"><img decoding=\"async\" src=\"https:\/\/biomedpress.org\/wp-content\/uploads\/2017\/07\/BMP-logo.png\" alt=\"\" style=\"aspect-ratio:4\/3;object-fit:contain;width:256px\"\/><\/figure>\n\n\n\n<figure class=\"wp-block-image size-large is-resized\"><img decoding=\"async\" src=\"https:\/\/biomedpress.org\/wp-content\/uploads\/2017\/07\/BMP-logo.png\" alt=\"\" style=\"aspect-ratio:4\/3;object-fit:contain;width:256px\"\/><\/figure>\n\n\n\n<figure class=\"wp-block-image size-large is-resized\"><img decoding=\"async\" src=\"https:\/\/biomedpress.org\/wp-content\/uploads\/2017\/07\/BMP-logo.png\" alt=\"\" style=\"aspect-ratio:4\/3;object-fit:contain;width:256px\"\/><\/figure>\n\n\n\n<figure class=\"wp-block-image size-large is-resized\"><img decoding=\"async\" src=\"https:\/\/biomedpress.org\/wp-content\/uploads\/2017\/07\/BMP-logo.png\" alt=\"\" style=\"aspect-ratio:4\/3;object-fit:contain;width:256px\"\/><\/figure>\n<\/div>\n\n\n\n<div class=\"wp-block-group alignfull marquee-sponsors-content-reverse is-content-justification-center is-nowrap is-layout-flex wp-container-core-group-is-layout-3c8805c5 wp-block-group-is-layout-flex\">\n<figure class=\"wp-block-image size-large is-resized\"><img decoding=\"async\" src=\"https:\/\/biomedpress.org\/wp-content\/uploads\/2017\/07\/BMP-logo.png\" alt=\"\" style=\"aspect-ratio:4\/3;object-fit:contain;width:256px\"\/><\/figure>\n\n\n\n<figure class=\"wp-block-image size-large is-resized\"><img decoding=\"async\" src=\"https:\/\/biomedpress.org\/wp-content\/uploads\/2017\/07\/BMP-logo.png\" alt=\"\" style=\"aspect-ratio:4\/3;object-fit:contain;width:256px\"\/><\/figure>\n\n\n\n<figure class=\"wp-block-image size-large is-resized\"><img decoding=\"async\" src=\"https:\/\/biomedpress.org\/wp-content\/uploads\/2017\/07\/BMP-logo.png\" alt=\"\" style=\"aspect-ratio:4\/3;object-fit:contain;width:256px\"\/><\/figure>\n\n\n\n<figure class=\"wp-block-image size-large is-resized\"><img decoding=\"async\" src=\"https:\/\/biomedpress.org\/wp-content\/uploads\/2017\/07\/BMP-logo.png\" alt=\"\" style=\"aspect-ratio:4\/3;object-fit:contain;width:256px\"\/><\/figure>\n\n\n\n<figure class=\"wp-block-image size-large is-resized\"><img decoding=\"async\" src=\"https:\/\/biomedpress.org\/wp-content\/uploads\/2017\/07\/BMP-logo.png\" alt=\"\" style=\"aspect-ratio:4\/3;object-fit:contain;width:256px\"\/><\/figure>\n<\/div>\n\n\n\n<div class=\"wp-block-group alignfull marquee-sponsors-content-reverse is-content-justification-center is-nowrap is-layout-flex wp-container-core-group-is-layout-3c8805c5 wp-block-group-is-layout-flex\">\n<figure class=\"wp-block-image size-large is-resized\"><img decoding=\"async\" src=\"https:\/\/biomedpress.org\/wp-content\/uploads\/2017\/07\/BMP-logo.png\" alt=\"\" style=\"aspect-ratio:4\/3;object-fit:contain;width:256px\"\/><\/figure>\n\n\n\n<figure class=\"wp-block-image size-large is-resized\"><img decoding=\"async\" src=\"https:\/\/biomedpress.org\/wp-content\/uploads\/2017\/07\/BMP-logo.png\" alt=\"\" style=\"aspect-ratio:4\/3;object-fit:contain;width:256px\"\/><\/figure>\n\n\n\n<figure class=\"wp-block-image size-large is-resized\"><img decoding=\"async\" src=\"https:\/\/biomedpress.org\/wp-content\/uploads\/2017\/07\/BMP-logo.png\" alt=\"\" style=\"aspect-ratio:4\/3;object-fit:contain;width:256px\"\/><\/figure>\n\n\n\n<figure class=\"wp-block-image size-large is-resized\"><img decoding=\"async\" src=\"https:\/\/biomedpress.org\/wp-content\/uploads\/2017\/07\/BMP-logo.png\" alt=\"\" style=\"aspect-ratio:4\/3;object-fit:contain;width:256px\"\/><\/figure>\n\n\n\n<figure class=\"wp-block-image size-large is-resized\"><img decoding=\"async\" src=\"https:\/\/biomedpress.org\/wp-content\/uploads\/2017\/07\/BMP-logo.png\" alt=\"\" style=\"aspect-ratio:4\/3;object-fit:contain;width:256px\"\/><\/figure>\n<\/div>\n<\/div>\n<\/div>\n\n\n\n<div class=\"wp-block-group alignfull has-global-padding is-layout-constrained wp-block-group-is-layout-constrained\"><\/div>\n\n\n\n<div class=\"wp-block-group alignwide has-global-padding is-content-justification-left is-layout-constrained wp-container-core-group-is-layout-12dd3699 wp-block-group-is-layout-constrained\">\n<h2 class=\"wp-block-heading right-trapezoid-right has-custom-text-white-color has-text-color has-background has-link-color wp-elements-fb9d6ef25886680f6e6fa46a8c69383f\" style=\"background:linear-gradient(90deg,rgb(0,66,238) 0%,rgb(38,98,255) 100%);padding-top:var(--wp--preset--spacing--20);padding-right:var(--wp--preset--spacing--50);padding-bottom:var(--wp--preset--spacing--20);padding-left:var(--wp--preset--spacing--30);font-style:normal;font-weight:700;text-transform:uppercase\">\u0110\u01a1n v\u1ecb t\u1ed5 ch\u1ee9c<\/h2>\n<\/div>\n\n\n\n<div class=\"wp-block-group alignwide has-global-padding is-layout-constrained wp-container-core-group-is-layout-5a30f31b wp-block-group-is-layout-constrained\">\n<div class=\"wp-block-columns alignwide is-layout-flex wp-container-core-columns-is-layout-87beb0d0 wp-block-columns-is-layout-flex\">\n<div class=\"wp-block-column is-layout-flow wp-block-column-is-layout-flow\" style=\"flex-basis:420px\">\n<figure class=\"wp-block-image aligncenter size-full\"><img loading=\"lazy\" decoding=\"async\" width=\"420\" height=\"161\" src=\"https:\/\/techupdate.sci.edu.vn\/2026\/wp-content\/uploads\/2026\/04\/SCI-rectangle.png\" alt=\"\" class=\"wp-image-1226\" srcset=\"https:\/\/techupdate.sci.edu.vn\/2026\/wp-content\/uploads\/2026\/04\/SCI-rectangle.png 420w, https:\/\/techupdate.sci.edu.vn\/2026\/wp-content\/uploads\/2026\/04\/SCI-rectangle-300x115.png 300w\" sizes=\"auto, (max-width: 420px) 100vw, 420px\" \/><\/figure>\n<\/div>\n\n\n\n<div class=\"wp-block-column is-layout-flow wp-block-column-is-layout-flow\">\n<p class=\"has-medium-font-size\"><strong>Vi\u1ec7n T\u1ebf b\u00e0o g\u1ed1c \u2013 Tr\u01b0\u1eddng \u0110\u1ea1i h\u1ecdc Khoa h\u1ecdc T\u1ef1 nhi\u00ean, \u0110HQG-HCM<\/strong> th\u00e0nh l\u1eadp n\u0103m 2017, v\u1edbi ti\u1ec1n th\u00e2n l\u00e0 Ph\u00f2ng th\u00ed nghi\u1ec7m Nghi\u00ean c\u1ee9u v\u00e0 \u1ee8ng d\u1ee5ng T\u1ebf b\u00e0o g\u1ed1c (2007), Vi\u1ec7n T\u1ebf b\u00e0o g\u1ed1c c\u00f3 h\u01a1n 15 n\u0103m ph\u00e1t tri\u1ec3n trong l\u0129nh v\u1ef1c c\u00f4ng ngh\u1ec7 sinh h\u1ecdc v\u00e0 y h\u1ecdc t\u00e1i t\u1ea1o. L\u00e0 \u0111\u01a1n v\u1ecb ti\u00ean phong t\u1ea1i Vi\u1ec7t Nam, Vi\u1ec7n t\u1eadp trung nghi\u00ean c\u1ee9u, ph\u00e1t tri\u1ec3n, s\u1ea3n xu\u1ea5t v\u00e0 chuy\u1ec3n giao c\u00f4ng ngh\u1ec7 t\u1ebf b\u00e0o g\u1ed1c. N\u1ed5i b\u1eadt v\u1edbi h\u1ec7 th\u1ed1ng c\u00f4ng ngh\u1ec7 hi\u1ec7n \u0111\u1ea1i trong ph\u00e2n l\u1eadp, nu\u00f4i c\u1ea5y, bi\u1ec7t h\u00f3a t\u1ebf b\u00e0o v\u00e0 h\u1ec7 sinh th\u00e1i h\u1ee3p t\u00e1c r\u1ed9ng v\u1edbi b\u1ec7nh vi\u1ec7n, doanh nghi\u1ec7p trong v\u00e0 ngo\u00e0i n\u01b0\u1edbc.<\/p>\n\n\n\n<p class=\"has-text-align-right has-medium-font-size\"><a href=\"https:\/\/sci.edu.vn\/\">Xem th\u00eam &gt;<\/a><\/p>\n<\/div>\n<\/div>\n\n\n\n<div class=\"wp-block-columns alignwide is-layout-flex wp-container-core-columns-is-layout-87beb0d0 wp-block-columns-is-layout-flex\">\n<div class=\"wp-block-column is-layout-flow wp-block-column-is-layout-flow\" style=\"flex-basis:420px\">\n<figure class=\"wp-block-image aligncenter size-full\"><img loading=\"lazy\" decoding=\"async\" width=\"370\" height=\"142\" src=\"https:\/\/techupdate.sci.edu.vn\/2026\/wp-content\/uploads\/2026\/04\/ARiHA-rectangle.png\" alt=\"\" class=\"wp-image-1225\" srcset=\"https:\/\/techupdate.sci.edu.vn\/2026\/wp-content\/uploads\/2026\/04\/ARiHA-rectangle.png 370w, https:\/\/techupdate.sci.edu.vn\/2026\/wp-content\/uploads\/2026\/04\/ARiHA-rectangle-300x115.png 300w\" sizes=\"auto, (max-width: 370px) 100vw, 370px\" \/><\/figure>\n<\/div>\n\n\n\n<div class=\"wp-block-column is-layout-flow wp-block-column-is-layout-flow\">\n<p class=\"has-medium-font-size\"><strong>Vi\u1ec7n Nghi\u00ean c\u1ee9u \u1ee8ng d\u1ee5ng Khoa h\u1ecdc S\u1ee9c kh\u1ecfe v\u00e0 L\u00e3o h\u00f3a (ARIHA)<\/strong> l\u00e0 \u0111\u01a1n v\u1ecb tr\u1ef1c thu\u1ed9c B\u1ec7nh vi\u1ec7n Th\u1ed1ng Nh\u1ea5t, ho\u1ea1t \u0111\u1ed9ng chuy\u00ean s\u00e2u trong l\u0129nh v\u1ef1c l\u00e3o khoa v\u00e0 ch\u0103m s\u00f3c s\u1ee9c kh\u1ecfe ng\u01b0\u1eddi cao tu\u1ed5i. Vi\u1ec7n t\u1eadp trung nghi\u00ean c\u1ee9u \u1ee9ng d\u1ee5ng, \u0111\u00e0o t\u1ea1o v\u00e0 chuy\u1ec3n giao c\u00f4ng ngh\u1ec7 trong c\u00e1c l\u0129nh v\u1ef1c nh\u01b0 l\u00e3o khoa, tr\u00ed tu\u1ec7 nh\u00e2n t\u1ea1o y t\u1ebf, y h\u1ecdc t\u00e1i t\u1ea1o v\u00e0 qu\u1ea3n l\u00fd b\u1ec7nh m\u1ea1n t\u00ednh. N\u1ed5i b\u1eadt v\u1edbi m\u00f4 h\u00ecnh g\u1eafn k\u1ebft nghi\u00ean c\u1ee9u v\u1edbi th\u1ef1c h\u00e0nh l\u00e2m s\u00e0ng v\u00e0 n\u1ec1n t\u1ea3ng d\u1eef li\u1ec7u y t\u1ebf, ARIHA h\u01b0\u1edbng \u0111\u1ebfn n\u00e2ng cao ch\u1ea5t l\u01b0\u1ee3ng s\u1ed1ng v\u00e0 ch\u0103m s\u00f3c to\u00e0n di\u1ec7n cho ng\u01b0\u1eddi cao tu\u1ed5i.<\/p>\n\n\n\n<p class=\"has-text-align-right has-medium-font-size\"><a href=\"https:\/\/www.ariha.org.vn\/\">Xem th\u00eam &gt;<\/a><\/p>\n<\/div>\n<\/div>\n<\/div>\n\n\n\n<div class=\"wp-block-group alignwide has-global-padding is-content-justification-left is-layout-constrained wp-container-core-group-is-layout-12dd3699 wp-block-group-is-layout-constrained\">\n<h2 class=\"wp-block-heading right-trapezoid-right has-custom-text-white-color has-text-color has-background has-link-color wp-elements-f77a8688d848dbc3ac3f18222bb4f82e\" style=\"background:linear-gradient(90deg,rgb(0,66,238) 0%,rgb(38,98,255) 100%);padding-top:var(--wp--preset--spacing--20);padding-right:var(--wp--preset--spacing--50);padding-bottom:var(--wp--preset--spacing--20);padding-left:var(--wp--preset--spacing--30);font-style:normal;font-weight:700;text-transform:uppercase\">\u0110\u01a1n v\u1ecb t\u00e0i tr\u1ee3 kim c\u01b0\u01a1ng<\/h2>\n<\/div>\n\n\n\n<div style=\"height:100px\" aria-hidden=\"true\" class=\"wp-block-spacer\"><\/div>\n\n\n\n<div class=\"wp-block-group alignwide has-global-padding is-content-justification-left is-layout-constrained wp-container-core-group-is-layout-12dd3699 wp-block-group-is-layout-constrained\">\n<h2 class=\"wp-block-heading right-trapezoid-right has-custom-text-white-color has-text-color has-background has-link-color wp-elements-9678e25395c32346b39f0f293d2dbc39\" style=\"background:linear-gradient(90deg,rgb(0,66,238) 0%,rgb(38,98,255) 100%);padding-top:var(--wp--preset--spacing--20);padding-right:var(--wp--preset--spacing--50);padding-bottom:var(--wp--preset--spacing--20);padding-left:var(--wp--preset--spacing--30);font-style:normal;font-weight:700;text-transform:uppercase\">\u0110\u01a1n v\u1ecb t\u00e0i tr\u1ee3 v\u00e0ng<\/h2>\n<\/div>\n\n\n\n<div style=\"height:100px\" aria-hidden=\"true\" class=\"wp-block-spacer\"><\/div>\n\n\n\n<div class=\"wp-block-group alignwide has-global-padding is-content-justification-left is-layout-constrained wp-container-core-group-is-layout-12dd3699 wp-block-group-is-layout-constrained\">\n<h2 class=\"wp-block-heading right-trapezoid-right has-custom-text-white-color has-text-color has-background has-link-color wp-elements-391a9fb5b2e9a3c3f0ee00291840f3fc\" style=\"background:linear-gradient(90deg,rgb(0,66,238) 0%,rgb(38,98,255) 100%);padding-top:var(--wp--preset--spacing--20);padding-right:var(--wp--preset--spacing--50);padding-bottom:var(--wp--preset--spacing--20);padding-left:var(--wp--preset--spacing--30);font-style:normal;font-weight:700;text-transform:uppercase\">\u0110\u01a1n v\u1ecb t\u00e0i tr\u1ee3 b\u1ea1c<\/h2>\n<\/div>\n\n\n\n<div style=\"height:100px\" aria-hidden=\"true\" class=\"wp-block-spacer\"><\/div>\n\n\n\n<div class=\"wp-block-group alignwide has-global-padding is-content-justification-left is-layout-constrained wp-container-core-group-is-layout-12dd3699 wp-block-group-is-layout-constrained\">\n<h2 class=\"wp-block-heading right-trapezoid-right has-custom-text-white-color has-text-color has-background has-link-color wp-elements-df257b75e0d19d5477780053d3929f2c\" style=\"background:linear-gradient(90deg,rgb(0,66,238) 0%,rgb(38,98,255) 100%);padding-top:var(--wp--preset--spacing--20);padding-right:var(--wp--preset--spacing--50);padding-bottom:var(--wp--preset--spacing--20);padding-left:var(--wp--preset--spacing--30);font-style:normal;font-weight:700;text-transform:uppercase\">\u0110\u01a1n v\u1ecb t\u00e0i tr\u1ee3 \u0111\u1ed3ng<\/h2>\n<\/div>\n\n\n\n<div style=\"height:100px\" aria-hidden=\"true\" class=\"wp-block-spacer\"><\/div>\n\n\n\n<div class=\"wp-block-group alignwide has-global-padding is-content-justification-left is-layout-constrained wp-container-core-group-is-layout-12dd3699 wp-block-group-is-layout-constrained\">\n<h2 class=\"wp-block-heading right-trapezoid-right has-custom-text-white-color has-text-color has-background has-link-color wp-elements-3d652b472e7a66b3ecb14b409ddad83f\" style=\"background:linear-gradient(90deg,rgb(0,66,238) 0%,rgb(38,98,255) 100%);padding-top:var(--wp--preset--spacing--20);padding-right:var(--wp--preset--spacing--50);padding-bottom:var(--wp--preset--spacing--20);padding-left:var(--wp--preset--spacing--30);font-style:normal;font-weight:700;text-transform:uppercase\">\u0110\u01a1n v\u1ecb t\u00e0i tr\u1ee3 \u0111\u1ed3ng h\u00e0nh<\/h2>\n<\/div>\n\n\n\n<div style=\"height:100px\" aria-hidden=\"true\" class=\"wp-block-spacer\"><\/div>\n","protected":false},"excerpt":{"rendered":"<p>\u0110\u01a1n v\u1ecb t\u1ed5 ch\u1ee9c v\u00e0 t\u00e0i tr\u1ee3 2026 const animationCssLink = document.createElement(&#8216;link&#8217;); animationCssLink.rel = &#8216;stylesheet&#8217;; animationCssLink.href = &#8216;https:\/\/static.sci.edu.vn\/techupdate\/2026\/animations.sponsors.css&#8217;; animationCssLink.onload = () => console.log(&#8216;Animation CSS loaded successfully.&#8217;); document.head.appendChild(animationCssLink);<\/p>\n","protected":false},"author":1,"featured_media":0,"parent":0,"menu_order":0,"comment_status":"closed","ping_status":"closed","template":"","meta":{"footnotes":""},"class_list":["post-1218","page","type-page","status-publish","hentry"],"_links":{"self":[{"href":"https:\/\/techupdate.sci.edu.vn\/2026\/wp-json\/wp\/v2\/pages\/1218","targetHints":{"allow":["GET"]}}],"collection":[{"href":"https:\/\/techupdate.sci.edu.vn\/2026\/wp-json\/wp\/v2\/pages"}],"about":[{"href":"https:\/\/techupdate.sci.edu.vn\/2026\/wp-json\/wp\/v2\/types\/page"}],"author":[{"embeddable":true,"href":"https:\/\/techupdate.sci.edu.vn\/2026\/wp-json\/wp\/v2\/users\/1"}],"replies":[{"embeddable":true,"href":"https:\/\/techupdate.sci.edu.vn\/2026\/wp-json\/wp\/v2\/comments?post=1218"}],"version-history":[{"count":24,"href":"https:\/\/techupdate.sci.edu.vn\/2026\/wp-json\/wp\/v2\/pages\/1218\/revisions"}],"predecessor-version":[{"id":1252,"href":"https:\/\/techupdate.sci.edu.vn\/2026\/wp-json\/wp\/v2\/pages\/1218\/revisions\/1252"}],"wp:attachment":[{"href":"https:\/\/techupdate.sci.edu.vn\/2026\/wp-json\/wp\/v2\/media?parent=1218"}],"curies":[{"name":"wp","href":"https:\/\/api.w.org\/{rel}","templated":true}]}}